{"id":99,"date":"2019-02-17T14:48:30","date_gmt":"2019-02-17T14:48:30","guid":{"rendered":"http:\/\/fewo-hengl.de\/?page_id=99"},"modified":"2025-03-04T12:14:58","modified_gmt":"2025-03-04T12:14:58","slug":"ferienwohnung","status":"publish","type":"page","link":"http:\/\/fewo-hengl.de\/","title":{"rendered":"Startseite"},"content":{"rendered":"\n<h2 class=\"wp-block-heading\" id=\"ferienwohnung\">FERIENWOHNUNG<\/h2>\n\n\n<div class=\"wp1s-slider-wrapper wp1s-slider-wrapper-16355  wp1s-pager-padding \">  \r\n        <div class=\"wp1s-main-wrapper wp1s-shadow wp1s-shadow-type-2\">\r\n     \r\n\r\n    <div class=\"wp1s-slider-container wp1s-pager-type-1 wp1s-arrow-type-4 wp1s-pagination\">\r\n    <ul class=\"wp1s-bxslider\" data-id=\"16355\" data-auto='true' data-speed='1000' data-pause='5000' data-transition='horizontal' data-controls='true' data-responsive='true' data-pager='thumbnail' >\r\n            <li>\r\n            <img decoding=\"async\" src=\"http:\/\/fewo-hengl.de\/wp-content\/uploads\/2019\/03\/K\u00fcche.jpg\" \/>\r\n            <div class=\"wp1s-caption-wrapper wp1s-caption-type-2 wp1s-caption-topleft\">\r\n            <h1 class=\"wp1s-caption-title\"><\/h1>\r\n            <h2 class=\"wp1s-caption-content\"><\/h2>\r\n                        <\/div>\r\n        <\/li>\r\n            <li>\r\n            <img decoding=\"async\" src=\"http:\/\/fewo-hengl.de\/wp-content\/uploads\/2019\/03\/Doppelbett-Schlafzimmer-1.jpg\" \/>\r\n            <div class=\"wp1s-caption-wrapper wp1s-caption-type-2 wp1s-caption-topleft\">\r\n            <h1 class=\"wp1s-caption-title\"><\/h1>\r\n            <h2 class=\"wp1s-caption-content\"><\/h2>\r\n                        <\/div>\r\n        <\/li>\r\n            <li>\r\n            <img decoding=\"async\" src=\"http:\/\/fewo-hengl.de\/wp-content\/uploads\/2019\/03\/IMG_3745-scaled.jpg\" \/>\r\n            <div class=\"wp1s-caption-wrapper wp1s-caption-type-2 wp1s-caption-topleft\">\r\n            <h1 class=\"wp1s-caption-title\"><\/h1>\r\n            <h2 class=\"wp1s-caption-content\"><\/h2>\r\n                        <\/div>\r\n        <\/li>\r\n            <li>\r\n            <img decoding=\"async\" src=\"http:\/\/fewo-hengl.de\/wp-content\/uploads\/2019\/03\/IMG_3763-scaled.jpg\" \/>\r\n            <div class=\"wp1s-caption-wrapper wp1s-caption-type-2 wp1s-caption-topleft\">\r\n            <h1 class=\"wp1s-caption-title\"><\/h1>\r\n            <h2 class=\"wp1s-caption-content\"><\/h2>\r\n                        <\/div>\r\n        <\/li>\r\n            <li>\r\n            <img decoding=\"async\" src=\"http:\/\/fewo-hengl.de\/wp-content\/uploads\/2019\/03\/Badezimmer-mit-Badewanne.jpg\" \/>\r\n            <div class=\"wp1s-caption-wrapper wp1s-caption-type-2 wp1s-caption-topleft\">\r\n            <h1 class=\"wp1s-caption-title\"><\/h1>\r\n            <h2 class=\"wp1s-caption-content\"><\/h2>\r\n                        <\/div>\r\n        <\/li>\r\n            <li>\r\n            <img decoding=\"async\" src=\"http:\/\/fewo-hengl.de\/wp-content\/uploads\/2019\/03\/IMG_3767-scaled.jpg\" \/>\r\n            <div class=\"wp1s-caption-wrapper wp1s-caption-type-2 wp1s-caption-topleft\">\r\n            <h1 class=\"wp1s-caption-title\"><\/h1>\r\n            <h2 class=\"wp1s-caption-content\"><\/h2>\r\n                        <\/div>\r\n        <\/li>\r\n            <li>\r\n            <img decoding=\"async\" src=\"http:\/\/fewo-hengl.de\/wp-content\/uploads\/2019\/03\/Schlafzimmer-1a.jpg\" \/>\r\n            <div class=\"wp1s-caption-wrapper wp1s-caption-type-2 wp1s-caption-topleft\">\r\n            <h1 class=\"wp1s-caption-title\"><\/h1>\r\n            <h2 class=\"wp1s-caption-content\"><\/h2>\r\n                        <\/div>\r\n        <\/li>\r\n            <li>\r\n            <img decoding=\"async\" src=\"http:\/\/fewo-hengl.de\/wp-content\/uploads\/2019\/03\/Schlafzimmer-1.jpg\" \/>\r\n            <div class=\"wp1s-caption-wrapper wp1s-caption-type-2 wp1s-caption-topleft\">\r\n            <h1 class=\"wp1s-caption-title\"><\/h1>\r\n            <h2 class=\"wp1s-caption-content\"><\/h2>\r\n                        <\/div>\r\n        <\/li>\r\n            <li>\r\n            <img decoding=\"async\" src=\"http:\/\/fewo-hengl.de\/wp-content\/uploads\/2019\/03\/Einzelbett-Schlafzimmer-1.jpg\" \/>\r\n            <div class=\"wp1s-caption-wrapper wp1s-caption-type-2 wp1s-caption-topleft\">\r\n            <h1 class=\"wp1s-caption-title\"><\/h1>\r\n            <h2 class=\"wp1s-caption-content\"><\/h2>\r\n                        <\/div>\r\n        <\/li>\r\n            <li>\r\n            <img decoding=\"async\" src=\"http:\/\/fewo-hengl.de\/wp-content\/uploads\/2019\/03\/IMG_3749-scaled.jpg\" \/>\r\n            <div class=\"wp1s-caption-wrapper wp1s-caption-type-2 wp1s-caption-topleft\">\r\n            <h1 class=\"wp1s-caption-title\"><\/h1>\r\n            <h2 class=\"wp1s-caption-content\"><\/h2>\r\n                        <\/div>\r\n        <\/li>\r\n            <li>\r\n            <img decoding=\"async\" src=\"http:\/\/fewo-hengl.de\/wp-content\/uploads\/2019\/03\/K\u00fcche-mit-K\u00fcchenzeile.jpg\" \/>\r\n            <div class=\"wp1s-caption-wrapper wp1s-caption-type-2 wp1s-caption-topleft\">\r\n            <h1 class=\"wp1s-caption-title\"><\/h1>\r\n            <h2 class=\"wp1s-caption-content\"><\/h2>\r\n                        <\/div>\r\n        <\/li>\r\n            <li>\r\n            <img decoding=\"async\" src=\"http:\/\/fewo-hengl.de\/wp-content\/uploads\/2019\/03\/IMG_3761-scaled.jpg\" \/>\r\n            <div class=\"wp1s-caption-wrapper wp1s-caption-type-2 wp1s-caption-topleft\">\r\n            <h1 class=\"wp1s-caption-title\"><\/h1>\r\n            <h2 class=\"wp1s-caption-content\"><\/h2>\r\n                        <\/div>\r\n        <\/li>\r\n            <li>\r\n            <img decoding=\"async\" src=\"http:\/\/fewo-hengl.de\/wp-content\/uploads\/2019\/03\/IMG_3766-scaled.jpg\" \/>\r\n            <div class=\"wp1s-caption-wrapper wp1s-caption-type-2 wp1s-caption-topleft\">\r\n            <h1 class=\"wp1s-caption-title\"><\/h1>\r\n            <h2 class=\"wp1s-caption-content\"><\/h2>\r\n                        <\/div>\r\n        <\/li>\r\n        <\/ul>\r\n    <\/div>\r\n<\/div>\r\n   <div class=\"wp1s-thumbnail-wrapper wp1s-thumbnail-type-2 wp1s-thb-arrow-type-2\">\r\n        <!-- The thumbnails -->\r\n        <ul class=\"wp1s-bxslider-pager\" data-id=\"16355\" id=\"wp1s-pager-16355\" data-count='3'>\r\n                            <li><a data-slide-index=\"0\" href=\"\"><div class=\"wps-thumb-overlay\"><\/div>\r\n                    <img decoding=\"async\" src=\"http:\/\/fewo-hengl.de\/wp-content\/uploads\/2019\/03\/K\u00fcche-150x83.jpg\" \/>\r\n                <\/a>\r\n                <\/li>\r\n                            <li><a data-slide-index=\"1\" href=\"\"><div class=\"wps-thumb-overlay\"><\/div>\r\n                    <img decoding=\"async\" src=\"http:\/\/fewo-hengl.de\/wp-content\/uploads\/2019\/03\/Doppelbett-Schlafzimmer-1-150x83.jpg\" \/>\r\n                <\/a>\r\n                <\/li>\r\n                            <li><a data-slide-index=\"2\" href=\"\"><div class=\"wps-thumb-overlay\"><\/div>\r\n                    <img decoding=\"async\" src=\"http:\/\/fewo-hengl.de\/wp-content\/uploads\/2019\/03\/IMG_3745-scaled-150x83.jpg\" \/>\r\n                <\/a>\r\n                <\/li>\r\n                            <li><a data-slide-index=\"3\" href=\"\"><div class=\"wps-thumb-overlay\"><\/div>\r\n                    <img decoding=\"async\" src=\"http:\/\/fewo-hengl.de\/wp-content\/uploads\/2019\/03\/IMG_3763-scaled-150x83.jpg\" \/>\r\n                <\/a>\r\n                <\/li>\r\n                            <li><a data-slide-index=\"4\" href=\"\"><div class=\"wps-thumb-overlay\"><\/div>\r\n                    <img decoding=\"async\" src=\"http:\/\/fewo-hengl.de\/wp-content\/uploads\/2019\/03\/Badezimmer-mit-Badewanne-150x83.jpg\" \/>\r\n                <\/a>\r\n                <\/li>\r\n                            <li><a data-slide-index=\"5\" href=\"\"><div class=\"wps-thumb-overlay\"><\/div>\r\n                    <img decoding=\"async\" src=\"http:\/\/fewo-hengl.de\/wp-content\/uploads\/2019\/03\/IMG_3767-scaled-150x83.jpg\" \/>\r\n                <\/a>\r\n                <\/li>\r\n                            <li><a data-slide-index=\"6\" href=\"\"><div class=\"wps-thumb-overlay\"><\/div>\r\n                    <img decoding=\"async\" src=\"http:\/\/fewo-hengl.de\/wp-content\/uploads\/2019\/03\/Schlafzimmer-1a-150x83.jpg\" \/>\r\n                <\/a>\r\n                <\/li>\r\n                            <li><a data-slide-index=\"7\" href=\"\"><div class=\"wps-thumb-overlay\"><\/div>\r\n                    <img decoding=\"async\" src=\"http:\/\/fewo-hengl.de\/wp-content\/uploads\/2019\/03\/Schlafzimmer-1-150x83.jpg\" \/>\r\n                <\/a>\r\n                <\/li>\r\n                            <li><a data-slide-index=\"8\" href=\"\"><div class=\"wps-thumb-overlay\"><\/div>\r\n                    <img decoding=\"async\" src=\"http:\/\/fewo-hengl.de\/wp-content\/uploads\/2019\/03\/Einzelbett-Schlafzimmer-1-150x83.jpg\" \/>\r\n                <\/a>\r\n                <\/li>\r\n                            <li><a data-slide-index=\"9\" href=\"\"><div class=\"wps-thumb-overlay\"><\/div>\r\n                    <img decoding=\"async\" src=\"http:\/\/fewo-hengl.de\/wp-content\/uploads\/2019\/03\/IMG_3749-scaled-150x83.jpg\" \/>\r\n                <\/a>\r\n                <\/li>\r\n                            <li><a data-slide-index=\"10\" href=\"\"><div class=\"wps-thumb-overlay\"><\/div>\r\n                    <img decoding=\"async\" src=\"http:\/\/fewo-hengl.de\/wp-content\/uploads\/2019\/03\/K\u00fcche-mit-K\u00fcchenzeile-150x83.jpg\" \/>\r\n                <\/a>\r\n                <\/li>\r\n                            <li><a data-slide-index=\"11\" href=\"\"><div class=\"wps-thumb-overlay\"><\/div>\r\n                    <img decoding=\"async\" src=\"http:\/\/fewo-hengl.de\/wp-content\/uploads\/2019\/03\/IMG_3761-scaled-150x83.jpg\" \/>\r\n                <\/a>\r\n                <\/li>\r\n                            <li><a data-slide-index=\"12\" href=\"\"><div class=\"wps-thumb-overlay\"><\/div>\r\n                    <img decoding=\"async\" src=\"http:\/\/fewo-hengl.de\/wp-content\/uploads\/2019\/03\/IMG_3766-scaled-150x83.jpg\" \/>\r\n                <\/a>\r\n                <\/li>\r\n                    <\/ul>\r\n    <\/div>\r\n\r\n\r\n      <\/div>\r\n   <style>\r\n\r\n.wp1s-slider-wrapper-16355 {\r\n    \r\n     width:100%;   \r\n}\r\n\r\n.wp1s-slider-wrapper-16355 .wp1s-caption-wrapper.wp1s-caption-type-1 .wp1s-caption-title{\r\n\r\n    font-size:20px;\r\n   \r\n}\r\n\r\n.wp1s-slider-wrapper-16355 .wp1s-caption-wrapper.wp1s-caption-type-1 .wp1s-caption-content{\r\n   \r\n    font-size: 15px;\r\n    \r\n}\r\n.wp1s-slider-wrapper-16355 .wp1s-caption-wrapper.wp1s-caption-type-2 .wp1s-caption-title {\r\n    font-size:20px;\r\n    background-color:rgba(221,182,124,0);\r\n   \r\n}\r\n.wp1s-slider-wrapper-16355 .wp1s-caption-wrapper.wp1s-caption-type-2 .wp1s-caption-content {\r\n    font-size:15px;\r\n\r\n}\r\n.wp1s-slider-wrapper-16355 .wp1s-caption-wrapper.wp1s-caption-type-3 .wp1s-caption-title {\r\n    font-size:20px;\r\n    border-bottom:7px solid #2ed1ff;\r\n}\r\n.wp1s-slider-wrapper-16355 .wp1s-caption-wrapper.wp1s-caption-type-3 .wp1s-caption-content {\r\n    font-size:15px;\r\n   \r\n}\r\n.wp1s-slider-wrapper-16355 .wp1s-caption-wrapper.wp1s-caption-type-4  {\r\n   \r\n    background-color:rgba(124,118,118,0.6);\r\n\r\n}\r\n.wp1s-slider-wrapper-16355 .wp1s-caption-wrapper.wp1s-caption-type-4 .wp1s-caption-title {\r\n    font-size:20px;\r\n\r\n}\r\n.wp1s-slider-wrapper-16355 .wp1s-caption-wrapper.wp1s-caption-type-4 .wp1s-caption-content {\r\n    font-size:15px;\r\n}\r\n.wp1s-slider-wrapper-16355 .wp1s-caption-wrapper .wp1s-caption-title {\r\n    color:rgba(33,33,33,0.5);\r\n}\r\n.wp1s-slider-wrapper-16355 .wp1s-caption-wrapper .wp1s-caption-content {\r\n    color:#ffffff;\r\n}\r\n.wp1s-slider-wrapper-16355 .wp1s-main-wrapper .wp1s-pager-type-1 .bx-wrapper .bx-pager.bx-default-pager a {\r\n    background-color:#ffffff;\r\n}\r\n.wp1s-slider-wrapper-16355 .wp1s-main-wrapper .wp1s-pager-type-1 .bx-wrapper .bx-pager.bx-default-pager a:hover, \r\n.wp1s-slider-wrapper-16355 .wp1s-main-wrapper .wp1s-pager-type-1 .bx-wrapper .bx-pager.bx-default-pager a.active {\r\n    background-color:#3bb1f4;\r\n}\r\n.wp1s-slider-wrapper-16355 .wp1s-main-wrapper .wp1s-pager-type-2 .bx-wrapper .bx-pager.bx-default-pager a {\r\n    background-color:#635e5e;\r\n    border:3px solid #979191;\r\n}\r\n.wp1s-slider-wrapper-16355 .wp1s-main-wrapper .wp1s-pager-type-2 .bx-wrapper .bx-pager.bx-default-pager a:hover, \r\n.wp1s-slider-wrapper-16355 .wp1s-main-wrapper .wp1s-pager-type-2 .bx-wrapper .bx-pager.bx-default-pager a.active {\r\n    background-color:#ffffff;\r\n}\r\n.wp1s-slider-wrapper-16355 .wp1s-main-wrapper .wp1s-pager-type-3 .bx-wrapper .bx-pager.bx-default-pager a {\r\n    border:1px solid #ffffff;\r\n   \r\n}\r\n.wp1s-slider-wrapper-16355 .wp1s-main-wrapper .wp1s-pager-type-3 .bx-wrapper .bx-pager.bx-default-pager a:hover, \r\n.wp1s-slider-wrapper-16355 .wp1s-main-wrapper .wp1s-pager-type-3 .bx-wrapper .bx-pager.bx-default-pager a.active {\r\n    border-color:#ff9600;\r\n}\r\n.wp1s-slider-wrapper-16355 .wp1s-main-wrapper .wp1s-pager-type-4 .bx-wrapper .bx-pager.bx-default-pager a {\r\n    background-color:#7a7a7a;\r\n    \r\n}\r\n.wp1s-slider-wrapper-16355 .wp1s-main-wrapper .wp1s-pager-type-4 .bx-wrapper .bx-pager.bx-default-pager a:hover, \r\n.wp1s-slider-wrapper-16355 .wp1s-main-wrapper .wp1s-pager-type-4 .bx-wrapper .bx-pager.bx-default-pager a.active {\r\n    background-color:#ffffff;\r\n}\r\n.wp1s-slider-wrapper-16355 .wp1s-caption-wrapper.wp1s-caption-type-1 .wps1-readmore-button {\r\n    background-color: #078f8a;\r\n    box-shadow: 0 2px 0 #056460;\r\n    -webkit-box-shadow: 0 2px 0 #056460;\r\n    -moz-box-shadow: 0 2px 0 #056460;\r\n}\r\n.wp1s-slider-wrapper-16355 .wp1s-caption-wrapper.wp1s-caption-type-1 .wps1-readmore-button:hover {\r\n    background-color:#08a39d;\r\n}\r\n@media (max-width:1200px) {\r\n.wp1s-slider-wrapper-16355 .wp1s-slider-wrapper {\r\nwidth:100%;\r\n}\r\n}\r\n.wp1s-widget-wrap .wp1s-caption-wrapper {\r\n\r\ndisplay: none;\r\n}\r\n\r\n.wp1s-widget-wrap .wp1s-thumbnail-wrapper {\r\ndisplay: block;\r\n}\r\n\r\n<\/style>\n\n\n<p><br><\/p>\n\n\n\n<p><br><\/p>\n\n\n\n<h2 class=\"wp-block-heading\" id=\"informationen\">INFORMATIONEN<br><\/h2>\n\n\n<p>Die Ferienwohnung Hengl in Ettenheim bietet zwei Schlafzimmer, ein Wohnzimmer mit Einzelbett sowie eine moderne Essk\u00fcche mit Zugang zur gro\u00dfz\u00fcgigen Terrasse.<\/p>\n<p>Die Ausstattung: <br \/>Die voll ausgestattete K\u00fcche mit gro\u00dfem Esstisch, K\u00fcchenzeile mit Backofen, Cerankochfeld, Geschirrsp\u00fclmaschine, K\u00fchlschrank hat eine Kaffee-\/Tee -Ecke mit Kaffeemaschine und Wasserkocher.<\/p>\n<p>Schlafzimmer 1 verf\u00fcgt \u00fcber ein gem\u00fctliches Doppelbett mit Nachttischen, einen ger\u00e4umigen Kleiderschrank sowie eine Schubladenkommode und einen Flachbildfernseher mit Kabelempfang.<\/p>\n<p>Im Schlafzimmer 2 kann man es sich in einem Doppelbett sowie einem Einzelbett bequem machen. Dar\u00fcber hinaus gibt es auch hier zwei Nachttische, eine Schubladenkommode und einen Flachbildfernseher mit Kabelempfang.<\/p>\n<p>Im Wohnzimmer l\u00e4dt eine Wohnlandschaft sowie ein Einzelbett zu entspannten Stunden ein.<\/p>\n<p>Im Badezimmer befindet sich eine Badewanne, eine separate Duschkabine, ein Waschtisch und ein beleuchteter Spiegelschrank.<\/p>\n<p>Ein Haartrockner und Handseife ist vorhanden.<\/p>\n<p>Auf der gro\u00dfz\u00fcgigen Terrasse gibt es einen Terassentisch mit St\u00fchlen, die durch die Teil\u00fcberdachung auch bei wechselhaftem Wetter genutzt werden k\u00f6nnen.<\/p>\n<p>Kostenfreies WLAN ist in der ganzen Wohnung vorhanden.<\/p>\n\n\n<p><br><\/p>\n\n\n\n<h2 class=\"wp-block-heading\" id=\"umgebung\">UMGEBUNG<\/h2>\n\n\n<p>Ettenheim hat einen sehenswerten barocken Altstadtkern und ist sehr verkehrsg\u00fcnstig gelegen. Umfangreiche Einkaufsm\u00f6glichkeiten, Restaurants, Cafes und ein Freibad um in den hei\u00dfen Sommertagen eine Abk\u00fchlung zu bekommen machen die Stadt f\u00fcr Ferieng\u00e4ste sehr attraktiv.<\/p>\n<p>Ebenso in der Umgebung gelegene beliebte Ausflugsziele k\u00f6nnen beispielsweise sein:<br \/>interesante St\u00e4dte:<br \/>Freiburg ca. 40 km, Basel ca. 100 km, Stra\u00dfburg ca. 35 km, Colmar ca. 39 km Natur &amp; Kultur: <br \/>Hochk\u00f6nigsburg im Elsass ca. 42 km, Titisee ca. 75 km, Vogtsbauernhof im Schwarzwald ca. 41 km<br \/>Sport &amp; Spa\u00df.: Europapark ca. 10 km, Kletterwald ca. 13 km, Sommerrodelbahn ca. 40 km<\/p>\n\n\n<p><br><\/p>\n\n\n\n<h2 class=\"wp-block-heading\" id=\"kontakt\">BUCHUNG<\/h2>\n\n\n<p>F\u00fcr eine Reservierung zu Ihrem Wunschtermin rufen Sie uns einfach an oder schicken eine kurze E-Mail mit Angabe des Anreisetags, der Aufenhaltsdauer und der Personenanzahl.<br \/>Sie erhalten danach kurzfristig eine Buchungsbest\u00e4tigung.<\/p>\n\n\n<p><br><\/p>\n\n\n\n<h2 class=\"wp-block-heading\" id=\"kontakt\">KONTAKT<\/h2>\n\n\n<p>Ferienwohnung Hengl<br \/>Steinr\u00f6hre 5<br \/>77955 Ettenheim<\/p>\n<p>Tel.: +49 162 955 8942<br \/>email: info@fewo-hengl.de<\/p>\n\n\n<p><\/p>\n\n\n\n<p><br><\/p>\n\n\n\n<h2 class=\"wp-block-heading\">ANFAHRT<\/h2>\n\n\n\n<iframe loading=\"lazy\" src=\"https:\/\/www.google.com\/maps\/embed?pb=!1m18!1m12!1m3!1d856.0834966313223!2d7.807411314959188!3d48.26786372731451!2m3!1f0!2f0!3f0!3m2!1i1024!2i768!4f13.1!3m3!1m2!1s0x47913ac5edd8214d%3A0xc9a46f707e8aa526!2sSteinr%C3%B6hre+5%2C+77955+Ettenheim!5e0!3m2!1sde!2sde!4v1552222372043\" style=\"border:0\" allowfullscreen=\"\" width=\"600\" height=\"450\" frameborder=\"0\"><\/iframe>\n\n\n\n<p><\/p>\n","protected":false},"excerpt":{"rendered":"<p>FERIENWOHNUNG INFORMATIONEN Die Ferienwohnung Hengl in Ettenheim bietet zwei Schlafzimmer, ein Wohnzimmer mit Einzelbett sowie eine moderne Essk\u00fcche mit Zugang zur gro\u00dfz\u00fcgigen Terrasse. Die Ausstattung: Die voll ausgestattete K\u00fcche mit<\/p>\n","protected":false},"author":1,"featured_media":0,"parent":0,"menu_order":0,"comment_status":"closed","ping_status":"closed","template":"","meta":{"footnotes":""},"class_list":["post-99","page","type-page","status-publish","hentry"],"_links":{"self":[{"href":"http:\/\/fewo-hengl.de\/index.php?rest_route=\/wp\/v2\/pages\/99","targetHints":{"allow":["GET"]}}],"collection":[{"href":"http:\/\/fewo-hengl.de\/index.php?rest_route=\/wp\/v2\/pages"}],"about":[{"href":"http:\/\/fewo-hengl.de\/index.php?rest_route=\/wp\/v2\/types\/page"}],"author":[{"embeddable":true,"href":"http:\/\/fewo-hengl.de\/index.php?rest_route=\/wp\/v2\/users\/1"}],"replies":[{"embeddable":true,"href":"http:\/\/fewo-hengl.de\/index.php?rest_route=%2Fwp%2Fv2%2Fcomments&post=99"}],"version-history":[{"count":45,"href":"http:\/\/fewo-hengl.de\/index.php?rest_route=\/wp\/v2\/pages\/99\/revisions"}],"predecessor-version":[{"id":223,"href":"http:\/\/fewo-hengl.de\/index.php?rest_route=\/wp\/v2\/pages\/99\/revisions\/223"}],"wp:attachment":[{"href":"http:\/\/fewo-hengl.de\/index.php?rest_route=%2Fwp%2Fv2%2Fmedia&parent=99"}],"curies":[{"name":"wp","href":"https:\/\/api.w.org\/{rel}","templated":true}]}}